{"id":17124,"date":"2024-08-09T12:00:30","date_gmt":"2024-08-09T10:00:30","guid":{"rendered":"https:\/\/atg-dev.168-63-79-147.plesk.page\/?post_type=product&#038;p=17124"},"modified":"2024-08-22T11:12:49","modified_gmt":"2024-08-22T09:12:49","slug":"legolas","status":"publish","type":"product","link":"https:\/\/atg-dev.168-63-79-147.plesk.page\/?product=legolas","title":{"rendered":"Legolas"},"content":{"rendered":"","protected":false},"excerpt":{"rendered":"<p>Sjukdomar och skador kantade Legolas liv som ung, men h\u00e4sten reste sig och blev snabbt superk\u00e4ndis med sina 19 inledande vinster. Segerraden br\u00f6ts visserligen i VM-loppet, men andraplatsen bakom giganten Id\u00e9al du Gazeau satte \u00e4nd\u00e5 Sverige p\u00e5 travkartan och \u201dalven\u201d r\u00e4knas \u00e4n idag som den h\u00e4st som betytt mest f\u00f6r svensk travsport. H\u00e4sten gick bort 2004.<\/p>\n<p>Modell: Unisex. Passform: Oversize. F\u00e4rg: Naturvit. 100% ekologisk bomull.<\/p>\n","protected":false},"featured_media":17119,"template":"","meta":[],"product_cat":[79],"product_tag":[],"class_list":{"0":"post-17124","1":"product","2":"type-product","3":"status-publish","4":"has-post-thumbnail","6":"product_cat-kampanjer","8":"first","9":"instock","10":"taxable","11":"shipping-taxable","12":"purchasable","13":"product-type-variable"},"_links":{"self":[{"href":"https:\/\/atg-dev.168-63-79-147.plesk.page\/index.php?rest_route=\/wp\/v2\/product\/17124","targetHints":{"allow":["GET"]}}],"collection":[{"href":"https:\/\/atg-dev.168-63-79-147.plesk.page\/index.php?rest_route=\/wp\/v2\/product"}],"about":[{"href":"https:\/\/atg-dev.168-63-79-147.plesk.page\/index.php?rest_route=\/wp\/v2\/types\/product"}],"version-history":[{"count":2,"href":"https:\/\/atg-dev.168-63-79-147.plesk.page\/index.php?rest_route=\/wp\/v2\/product\/17124\/revisions"}],"predecessor-version":[{"id":17131,"href":"https:\/\/atg-dev.168-63-79-147.plesk.page\/index.php?rest_route=\/wp\/v2\/product\/17124\/revisions\/17131"}],"wp:featuredmedia":[{"embeddable":true,"href":"https:\/\/atg-dev.168-63-79-147.plesk.page\/index.php?rest_route=\/wp\/v2\/media\/17119"}],"wp:attachment":[{"href":"https:\/\/atg-dev.168-63-79-147.plesk.page\/index.php?rest_route=%2Fwp%2Fv2%2Fmedia&parent=17124"}],"wp:term":[{"taxonomy":"product_cat","embeddable":true,"href":"https:\/\/atg-dev.168-63-79-147.plesk.page\/index.php?rest_route=%2Fwp%2Fv2%2Fproduct_cat&post=17124"},{"taxonomy":"product_tag","embeddable":true,"href":"https:\/\/atg-dev.168-63-79-147.plesk.page\/index.php?rest_route=%2Fwp%2Fv2%2Fproduct_tag&post=17124"}],"curies":[{"name":"wp","href":"https:\/\/api.w.org\/{rel}","templated":true}]}}