{"id":17111,"date":"2024-08-09T12:00:10","date_gmt":"2024-08-09T10:00:10","guid":{"rendered":"https:\/\/atg-dev.168-63-79-147.plesk.page\/?post_type=product&#038;p=17111"},"modified":"2024-08-15T09:52:27","modified_gmt":"2024-08-15T07:52:27","slug":"victory_tilly","status":"publish","type":"product","link":"https:\/\/atg-dev.168-63-79-147.plesk.page\/?product=victory_tilly","title":{"rendered":"Victory Tilly"},"content":{"rendered":"","protected":false},"excerpt":{"rendered":"<p>Sveriges vinstrikaste, v\u00e4rldsrekordh\u00e5llare, Elitloppsvinnare och ocks\u00e5 f\u00f6rsta svenskf\u00f6dda travare att spr\u00e4nga dr\u00f6mgr\u00e4nsen 1.09,0. Med sina 70 segrar och drygt 37,7 miljoner p\u00e5 kontot \u00e4r Victory Tilly den b\u00e4sta h\u00e4st Stig H Johansson tr\u00e4nat och k\u00f6rt.<\/p>\n<p>Modell: Unisex. Passform: Oversize. F\u00e4rg: Naturvit. 100% ekologisk bomull.<\/p>\n","protected":false},"featured_media":17089,"template":"","meta":[],"product_cat":[79],"product_tag":[],"class_list":{"0":"post-17111","1":"product","2":"type-product","3":"status-publish","4":"has-post-thumbnail","6":"product_cat-kampanjer","8":"first","9":"instock","10":"taxable","11":"shipping-taxable","12":"purchasable","13":"product-type-variable"},"_links":{"self":[{"href":"https:\/\/atg-dev.168-63-79-147.plesk.page\/index.php?rest_route=\/wp\/v2\/product\/17111","targetHints":{"allow":["GET"]}}],"collection":[{"href":"https:\/\/atg-dev.168-63-79-147.plesk.page\/index.php?rest_route=\/wp\/v2\/product"}],"about":[{"href":"https:\/\/atg-dev.168-63-79-147.plesk.page\/index.php?rest_route=\/wp\/v2\/types\/product"}],"version-history":[{"count":1,"href":"https:\/\/atg-dev.168-63-79-147.plesk.page\/index.php?rest_route=\/wp\/v2\/product\/17111\/revisions"}],"predecessor-version":[{"id":17117,"href":"https:\/\/atg-dev.168-63-79-147.plesk.page\/index.php?rest_route=\/wp\/v2\/product\/17111\/revisions\/17117"}],"wp:featuredmedia":[{"embeddable":true,"href":"https:\/\/atg-dev.168-63-79-147.plesk.page\/index.php?rest_route=\/wp\/v2\/media\/17089"}],"wp:attachment":[{"href":"https:\/\/atg-dev.168-63-79-147.plesk.page\/index.php?rest_route=%2Fwp%2Fv2%2Fmedia&parent=17111"}],"wp:term":[{"taxonomy":"product_cat","embeddable":true,"href":"https:\/\/atg-dev.168-63-79-147.plesk.page\/index.php?rest_route=%2Fwp%2Fv2%2Fproduct_cat&post=17111"},{"taxonomy":"product_tag","embeddable":true,"href":"https:\/\/atg-dev.168-63-79-147.plesk.page\/index.php?rest_route=%2Fwp%2Fv2%2Fproduct_tag&post=17111"}],"curies":[{"name":"wp","href":"https:\/\/api.w.org\/{rel}","templated":true}]}}