{"id":17100,"date":"2024-08-09T12:00:43","date_gmt":"2024-08-09T10:00:43","guid":{"rendered":"https:\/\/atg-dev.168-63-79-147.plesk.page\/?post_type=product&#038;p=17100"},"modified":"2024-08-22T11:10:54","modified_gmt":"2024-08-22T09:10:54","slug":"zoogin","status":"publish","type":"product","link":"https:\/\/atg-dev.168-63-79-147.plesk.page\/?product=zoogin","title":{"rendered":"Zoogin"},"content":{"rendered":"","protected":false},"excerpt":{"rendered":"<p>\u201dK\u00f6ttbullen\u201d fr\u00e5n Matfors sprang totalt in \u00f6ver 25 miljoner kronor p\u00e5 1990-talet och var under flera \u00e5r Sveriges st\u00f6rsta travstj\u00e4rna i h\u00e4nderna p\u00e5 \u00c5ke Svanstedt. Smeknamnet fick han tack vare h\u00e4stens kompakta och kraftfulla stil. Zoogin gick bort 2020, 30 \u00e5r gammal.<\/p>\n<p>Modell: Unisex. Passform: Oversize. F\u00e4rg: M\u00f6rkgr\u00e5 melerad. 100% ekologisk bomull.<\/p>\n","protected":false},"featured_media":17106,"template":"","meta":[],"product_cat":[79],"product_tag":[],"class_list":{"0":"post-17100","1":"product","2":"type-product","3":"status-publish","4":"has-post-thumbnail","6":"product_cat-kampanjer","8":"first","9":"instock","10":"taxable","11":"shipping-taxable","12":"purchasable","13":"product-type-variable"},"_links":{"self":[{"href":"https:\/\/atg-dev.168-63-79-147.plesk.page\/index.php?rest_route=\/wp\/v2\/product\/17100","targetHints":{"allow":["GET"]}}],"collection":[{"href":"https:\/\/atg-dev.168-63-79-147.plesk.page\/index.php?rest_route=\/wp\/v2\/product"}],"about":[{"href":"https:\/\/atg-dev.168-63-79-147.plesk.page\/index.php?rest_route=\/wp\/v2\/types\/product"}],"version-history":[{"count":1,"href":"https:\/\/atg-dev.168-63-79-147.plesk.page\/index.php?rest_route=\/wp\/v2\/product\/17100\/revisions"}],"predecessor-version":[{"id":17108,"href":"https:\/\/atg-dev.168-63-79-147.plesk.page\/index.php?rest_route=\/wp\/v2\/product\/17100\/revisions\/17108"}],"wp:featuredmedia":[{"embeddable":true,"href":"https:\/\/atg-dev.168-63-79-147.plesk.page\/index.php?rest_route=\/wp\/v2\/media\/17106"}],"wp:attachment":[{"href":"https:\/\/atg-dev.168-63-79-147.plesk.page\/index.php?rest_route=%2Fwp%2Fv2%2Fmedia&parent=17100"}],"wp:term":[{"taxonomy":"product_cat","embeddable":true,"href":"https:\/\/atg-dev.168-63-79-147.plesk.page\/index.php?rest_route=%2Fwp%2Fv2%2Fproduct_cat&post=17100"},{"taxonomy":"product_tag","embeddable":true,"href":"https:\/\/atg-dev.168-63-79-147.plesk.page\/index.php?rest_route=%2Fwp%2Fv2%2Fproduct_tag&post=17100"}],"curies":[{"name":"wp","href":"https:\/\/api.w.org\/{rel}","templated":true}]}}