{"id":17066,"date":"2024-08-09T12:00:25","date_gmt":"2024-08-09T10:00:25","guid":{"rendered":"https:\/\/atg-dev.168-63-79-147.plesk.page\/?post_type=product&#038;p=17066"},"modified":"2024-08-22T11:13:39","modified_gmt":"2024-08-22T09:13:39","slug":"copy","status":"publish","type":"product","link":"https:\/\/atg-dev.168-63-79-147.plesk.page\/?product=copy","title":{"rendered":"Ego Boy"},"content":{"rendered":"","protected":false},"excerpt":{"rendered":"<p>\u201dOj, oj, oj; Ego Boy!\u201d Efter det numera klassiska skiljeheatet mot Flower Child i Elitloppet 1973 travade Ego Boy rakt in i det svenska folkhemmet. Svensk travsport hade f\u00e5tt sin f\u00f6rsta riktiga idolh\u00e4st! Ego Boy ligger begravd i vinnarcirkeln p\u00e5 R\u00e4ttviks travbana, men har f\u00f6r alltid en plats i alla trav\u00e4lskares hj\u00e4rtan.<\/p>\n<p>Modell: Unisex. Passform: Oversize. F\u00e4rg: M\u00f6rkgr\u00e5 melerad. 100% ekologisk bomull.<\/p>\n","protected":false},"featured_media":17064,"template":"","meta":[],"product_cat":[79],"product_tag":[],"class_list":{"0":"post-17066","1":"product","2":"type-product","3":"status-publish","4":"has-post-thumbnail","6":"product_cat-kampanjer","8":"first","9":"instock","10":"taxable","11":"shipping-taxable","12":"purchasable","13":"product-type-variable"},"_links":{"self":[{"href":"https:\/\/atg-dev.168-63-79-147.plesk.page\/index.php?rest_route=\/wp\/v2\/product\/17066","targetHints":{"allow":["GET"]}}],"collection":[{"href":"https:\/\/atg-dev.168-63-79-147.plesk.page\/index.php?rest_route=\/wp\/v2\/product"}],"about":[{"href":"https:\/\/atg-dev.168-63-79-147.plesk.page\/index.php?rest_route=\/wp\/v2\/types\/product"}],"version-history":[{"count":3,"href":"https:\/\/atg-dev.168-63-79-147.plesk.page\/index.php?rest_route=\/wp\/v2\/product\/17066\/revisions"}],"predecessor-version":[{"id":17096,"href":"https:\/\/atg-dev.168-63-79-147.plesk.page\/index.php?rest_route=\/wp\/v2\/product\/17066\/revisions\/17096"}],"wp:featuredmedia":[{"embeddable":true,"href":"https:\/\/atg-dev.168-63-79-147.plesk.page\/index.php?rest_route=\/wp\/v2\/media\/17064"}],"wp:attachment":[{"href":"https:\/\/atg-dev.168-63-79-147.plesk.page\/index.php?rest_route=%2Fwp%2Fv2%2Fmedia&parent=17066"}],"wp:term":[{"taxonomy":"product_cat","embeddable":true,"href":"https:\/\/atg-dev.168-63-79-147.plesk.page\/index.php?rest_route=%2Fwp%2Fv2%2Fproduct_cat&post=17066"},{"taxonomy":"product_tag","embeddable":true,"href":"https:\/\/atg-dev.168-63-79-147.plesk.page\/index.php?rest_route=%2Fwp%2Fv2%2Fproduct_tag&post=17066"}],"curies":[{"name":"wp","href":"https:\/\/api.w.org\/{rel}","templated":true}]}}