{"id":16089,"date":"2023-09-08T14:48:21","date_gmt":"2023-09-08T12:48:21","guid":{"rendered":"https:\/\/atg-dev.168-63-79-147.plesk.page\/my-account-copy\/"},"modified":"2023-09-13T12:04:17","modified_gmt":"2023-09-13T10:04:17","slug":"hjalp","status":"publish","type":"page","link":"https:\/\/atg-dev.168-63-79-147.plesk.page\/?page_id=16089","title":{"rendered":"Hj\u00e4lp"},"content":{"rendered":"\t\t<div data-elementor-type=\"wp-page\" data-elementor-id=\"16089\" class=\"elementor elementor-16089\">\n\t\t\t\t\t\t<section class=\"wd-negative-gap elementor-section elementor-top-section elementor-element elementor-element-7b664603 elementor-section-boxed elementor-section-height-default elementor-section-height-default\" data-id=\"7b664603\" data-element_type=\"section\">\n\t\t\t\t\t\t<div class=\"elementor-container elementor-column-gap-default\">\n\t\t\t\t\t<div class=\"elementor-column elementor-col-100 elementor-top-column elementor-element elementor-element-41835078\" data-id=\"41835078\" data-element_type=\"column\">\n\t\t\t<div class=\"elementor-widget-wrap elementor-element-populated\">\n\t\t\t\t\t\t<div class=\"elementor-element elementor-element-1c38c7a6 color-scheme-inherit text-left elementor-widget elementor-widget-text-editor\" data-id=\"1c38c7a6\" data-element_type=\"widget\" data-widget_type=\"text-editor.default\">\n\t\t\t\t<div class=\"elementor-widget-container\">\n\t\t\t\t\t\t\t<h2>\u00c5NGERR\u00c4TT<\/h2>\n<p>Du har r\u00e4tt att byta eller returnera oanv\u00e4nda varor i 30 dagar fr\u00e5n det att du har<br>mottagit paketet. F\u00f6lj anvisningarna f\u00f6r retur eller byte.<br>F\u00f6r returer m\u00e5ste v\u00e5r bifogade etikett f\u00f6r returfraktetikett anv\u00e4ndas.<br>Fullst\u00e4ndig information hittar du i v\u00e5ra <strong><span style=\"text-decoration: underline;\"><a href=\"https:\/\/atg-dev.168-63-79-147.plesk.page\/kopvillkor\/\">k\u00f6pvillkor<\/a><\/span><\/strong>.<\/p>\n<h2>VID REKLAMATION<\/h2>\n<p>Skulle n\u00e5got vara fel med din best\u00e4llning kontakta oss direkt<br>p\u00e5 atgshop@bording.se f\u00f6r att f\u00e5 uppgifter om hur du hanterar din reklamation.<br>Vi tar emot din felanm\u00e4lan och \u00e5terkommer med hur vi g\u00e5r vidare med \u00e4rendet.<br>Vi kan inte garantera att en reklamation godk\u00e4nns om inte dessa h\u00e4nvisningar f\u00f6ljs.<\/p>\n<p>Du som kund \u00e4r skyldig att anm\u00e4la eventuella transportskador till fraktbolaget samt till<br>oss inom 5 arbetsdagar fr\u00e5n det tillf\u00e4lle varan togs emot. Du ska d\u00e4rf\u00f6r inspektera<br>varans skick samt avemballera varan direkt efter mottagandet. Vid eventuella<br>transportskador ska emballage sparas f\u00f6r eventuell retur eller utbyte av vara.<\/p>\n<p>F\u00f6r \u00f6vriga fr\u00e5gor, kontakta oss g\u00e4rna p\u00e5&nbsp;<span style=\"text-decoration: underline;\"><strong><a href=\"mailto:atgshop@bording.se\">atgshop@bording.se<\/a><\/strong><\/span><\/p>\t\t\t\t\t\t<\/div>\n\t\t\t\t<\/div>\n\t\t\t\t\t<\/div>\n\t\t<\/div>\n\t\t\t\t\t<\/div>\n\t\t<\/section>\n\t\t\t\t<\/div>\n\t\t","protected":false},"excerpt":{"rendered":"<p>\u00c5NGERR\u00c4TT Du har r\u00e4tt att byta eller returnera oanv\u00e4nda varor i 30 dagar fr\u00e5n det att du harmottagit paketet. F\u00f6lj<\/p>\n","protected":false},"author":1,"featured_media":0,"parent":0,"menu_order":0,"comment_status":"closed","ping_status":"closed","template":"","meta":{"footnotes":""},"class_list":["post-16089","page","type-page","status-publish","hentry"],"_links":{"self":[{"href":"https:\/\/atg-dev.168-63-79-147.plesk.page\/index.php?rest_route=\/wp\/v2\/pages\/16089","targetHints":{"allow":["GET"]}}],"collection":[{"href":"https:\/\/atg-dev.168-63-79-147.plesk.page\/index.php?rest_route=\/wp\/v2\/pages"}],"about":[{"href":"https:\/\/atg-dev.168-63-79-147.plesk.page\/index.php?rest_route=\/wp\/v2\/types\/page"}],"author":[{"embeddable":true,"href":"https:\/\/atg-dev.168-63-79-147.plesk.page\/index.php?rest_route=\/wp\/v2\/users\/1"}],"replies":[{"embeddable":true,"href":"https:\/\/atg-dev.168-63-79-147.plesk.page\/index.php?rest_route=%2Fwp%2Fv2%2Fcomments&post=16089"}],"version-history":[{"count":0,"href":"https:\/\/atg-dev.168-63-79-147.plesk.page\/index.php?rest_route=\/wp\/v2\/pages\/16089\/revisions"}],"wp:attachment":[{"href":"https:\/\/atg-dev.168-63-79-147.plesk.page\/index.php?rest_route=%2Fwp%2Fv2%2Fmedia&parent=16089"}],"curies":[{"name":"wp","href":"https:\/\/api.w.org\/{rel}","templated":true}]}}