{"id":15902,"date":"2023-08-28T09:45:10","date_gmt":"2023-08-28T07:45:10","guid":{"rendered":"https:\/\/atg-dev.168-63-79-147.plesk.page.linux82.curanetserver.dk\/?page_id=15902"},"modified":"2023-08-29T13:19:18","modified_gmt":"2023-08-29T11:19:18","slug":"kopvillkor","status":"publish","type":"page","link":"https:\/\/atg-dev.168-63-79-147.plesk.page\/?page_id=15902","title":{"rendered":"K\u00f6pvillkor"},"content":{"rendered":"\t\t<div data-elementor-type=\"wp-page\" data-elementor-id=\"15902\" class=\"elementor elementor-15902\">\n\t\t\t\t\t\t<section class=\"wd-negative-gap elementor-section elementor-top-section elementor-element elementor-element-1747d8c9 elementor-section-boxed elementor-section-height-default elementor-section-height-default\" data-id=\"1747d8c9\" data-element_type=\"section\">\n\t\t\t\t\t\t<div class=\"elementor-container elementor-column-gap-default\">\n\t\t\t\t\t<div class=\"elementor-column elementor-col-100 elementor-top-column elementor-element elementor-element-52d878a5\" data-id=\"52d878a5\" data-element_type=\"column\">\n\t\t\t<div class=\"elementor-widget-wrap elementor-element-populated\">\n\t\t\t\t\t\t<div class=\"elementor-element elementor-element-7f375280 color-scheme-inherit text-left elementor-widget elementor-widget-text-editor\" data-id=\"7f375280\" data-element_type=\"widget\" data-widget_type=\"text-editor.default\">\n\t\t\t\t<div class=\"elementor-widget-container\">\n\t\t\t\t\t\t\t<p><!-- wp:paragraph --><\/p>\n<p><strong>1. Allm\u00e4nt&nbsp;<\/strong><\/p>\n<p><!-- \/wp:paragraph --><\/p>\n<p><!-- wp:paragraph --><\/p>\n<p>Dessa k\u00f6pvillkor g\u00e4ller f\u00f6r alla k\u00f6p och transaktioner som genomf\u00f6rs p\u00e5 webbshop.atg.se.<\/p>\n<p><!-- \/wp:paragraph --><\/p>\n<p><!-- wp:paragraph --><\/p>\n<p>Genom att l\u00e4gga en best\u00e4llning p\u00e5 v\u00e5r webbshop accepterar du dessa villkor och \u00e5tar dig att f\u00f6lja dem.<\/p>\n<p><!-- \/wp:paragraph --><\/p>\n<p><!-- wp:paragraph --><\/p>\n<p><strong>2. Priser och Betalning<\/strong><\/p>\n<p><!-- \/wp:paragraph --><\/p>\n<p><!-- wp:list --><\/p>\n<ul><!-- wp:list-item --><p><\/p>\n<li>Alla priser p\u00e5 v\u00e5r webbshop anges i svenska kronor (SEK) inklusive moms, om inget annat anges.<\/li>\n<p><!-- \/wp:list-item --><\/p>\n<p><!-- wp:list-item --><\/p>\n<li>Betalning f\u00f6r varor kan g\u00f6rs med Swish eller kontokort.<\/li>\n<p><!-- \/wp:list-item --><\/p><\/ul>\n<p><!-- \/wp:list --><\/p>\n<p><!-- wp:paragraph --><\/p>\n<p><strong>3. Leverans<\/strong><\/p>\n<p><!-- \/wp:paragraph --><\/p>\n<p><!-- wp:list --><\/p>\n<ul><!-- wp:list-item --><p><\/p>\n<li>Vi str\u00e4var efter att leverera varor inom den angivna leveranstiden. Eventuella f\u00f6rseningar kommer att meddelas dig. Har du fr\u00e5gor om leveranser eller p\u00e5g\u00e5ende order maila oss p\u00e5 <a href=\"mailto:atgshop@bording.se\">atgshop@bording.se<\/a> OBS! Gl\u00f6m inte ange ditt ordernummer.<\/li>\n<p><!-- \/wp:list-item --><\/p>\n<p><!-- wp:list-item --><\/p>\n<li>Alla frakter sk\u00f6ts av Postnord och skickas om m\u00f6jligt som Varubrev eller Parcel. Varubrev levereras om m\u00f6jligt till postl\u00e5da eller box om det inte \u00e4r m\u00f6jligt kommer paketet aviseras f\u00f6r utl\u00e4mning p\u00e5 er n\u00e4rmaste Postnord ombud.<\/li>\n<p><!-- \/wp:list-item --><\/p><\/ul>\n<p><!-- \/wp:list --><\/p>\n<p><!-- wp:paragraph --><\/p>\n<p><strong>4. \u00c5ngerr\u00e4tt och Retur<\/strong><\/p>\n<p><!-- \/wp:paragraph --><\/p>\n<p><!-- wp:list --><\/p>\n<ul><!-- wp:list-item --><p><\/p>\n<li>Du har r\u00e4tt att returnera oanv\u00e4nda och oskadade varor inom 30 dagar fr\u00e5n mottagandet av best\u00e4llningen.<\/li>\n<p><!-- \/wp:list-item --><\/p>\n<p><!-- wp:list-item --><\/p>\n<li>Du m\u00e5ste meddela oss din avsikt att returnera en vara inom den angivna tidsramen och f\u00f6lja v\u00e5ra returinstruktioner som finns med i leveransen. Fyll i retursedel och anv\u00e4nd bifogad returetikett och l\u00e4mna p\u00e5 ett Postnord ombud.<\/li>\n<p><!-- \/wp:list-item --><\/p><\/ul>\n<p><!-- \/wp:list --><\/p>\n<p><!-- wp:paragraph --><\/p>\n<p><strong>5. Reklamationer<\/strong><\/p>\n<p><!-- \/wp:paragraph --><\/p>\n<p><!-- wp:list --><\/p>\n<ul><!-- wp:list-item --><p><\/p>\n<li>Vid fel eller brister i varorna, v\u00e4nligen kontakta kundservice p\u00e5<a> <\/a><a href=\"mailto:atgshop@bording.se\">atgshop@bording.se<\/a> s\u00e5 snart som m\u00f6jligt. Vi str\u00e4var efter att l\u00f6sa problemet till din bel\u00e5tenhet.<\/li>\n<p><!-- \/wp:list-item --><\/p><\/ul>\n<p><!-- \/wp:list --><\/p>\n<p><!-- wp:paragraph --><\/p>\n<p><strong>6. Skydd av Personuppgifter<\/strong><\/p>\n<p><!-- \/wp:paragraph --><\/p>\n<p><!-- wp:list --><\/p>\n<ul><!-- wp:list-item --><p><\/p>\n<li>Vi hanterar dina personuppgifter i enlighet med v\u00e5r integritetspolicy, som du hittar p\u00e5 v\u00e5r webbshop.<\/li>\n<p><!-- \/wp:list-item --><\/p><\/ul>\n<p><!-- \/wp:list --><\/p>\n<p><!-- wp:paragraph --><\/p>\n<p><strong>7. Ansvarsfriskrivning<\/strong><\/p>\n<p><!-- \/wp:paragraph --><\/p>\n<p><!-- wp:list --><\/p>\n<ul><!-- wp:list-item --><p><\/p>\n<li>Vi tar inte ansvar f\u00f6r eventuella skador, f\u00f6rluster eller kostnader som uppst\u00e5r till f\u00f6ljd av anv\u00e4ndningen av v\u00e5ra produkter eller tj\u00e4nster.<\/li>\n<p><!-- \/wp:list-item --><\/p><\/ul>\n<p><!-- \/wp:list --><\/p>\n<p><!-- wp:paragraph --><\/p>\n<p><strong>8. \u00c4ndringar i K\u00f6pvillkoren<\/strong><\/p>\n<p><!-- \/wp:paragraph --><\/p>\n<p><!-- wp:list --><\/p>\n<ul><!-- wp:list-item --><p><\/p>\n<li>Vi f\u00f6rbeh\u00e5ller oss r\u00e4tten att \u00e4ndra dessa k\u00f6pvillkor utan f\u00f6reg\u00e5ende meddelande. \u00c4ndringar tr\u00e4der i kraft fr\u00e5n och med det datum de publiceras p\u00e5 v\u00e5r webbshop.<\/li>\n<p><!-- \/wp:list-item --><\/p><\/ul>\n<p><!-- \/wp:list --><\/p>\n<p><!-- wp:paragraph --><\/p>\n<p><strong>9. Kontaktinformation<\/strong> Har du fr\u00e5gor, kommentarer eller klagom\u00e5l om v\u00e5ra k\u00f6pvillkor eller v\u00e5r webbshop, \u00e4r du v\u00e4lkommen att kontakta oss p\u00e5 f\u00f6ljande adress <a href=\"mailto:atgshop@bording.se\">atgshop@bording.se<\/a><\/p>\n<p><!-- \/wp:paragraph --><\/p>\t\t\t\t\t\t<\/div>\n\t\t\t\t<\/div>\n\t\t\t\t\t<\/div>\n\t\t<\/div>\n\t\t\t\t\t<\/div>\n\t\t<\/section>\n\t\t\t\t<\/div>\n\t\t","protected":false},"excerpt":{"rendered":"<p>1. Allm\u00e4nt&nbsp; Dessa k\u00f6pvillkor g\u00e4ller f\u00f6r alla k\u00f6p och transaktioner som genomf\u00f6rs p\u00e5 webbshop.atg.se. Genom att l\u00e4gga en best\u00e4llning p\u00e5<\/p>\n","protected":false},"author":1,"featured_media":0,"parent":0,"menu_order":0,"comment_status":"closed","ping_status":"closed","template":"","meta":{"footnotes":""},"class_list":["post-15902","page","type-page","status-publish","hentry"],"_links":{"self":[{"href":"https:\/\/atg-dev.168-63-79-147.plesk.page\/index.php?rest_route=\/wp\/v2\/pages\/15902","targetHints":{"allow":["GET"]}}],"collection":[{"href":"https:\/\/atg-dev.168-63-79-147.plesk.page\/index.php?rest_route=\/wp\/v2\/pages"}],"about":[{"href":"https:\/\/atg-dev.168-63-79-147.plesk.page\/index.php?rest_route=\/wp\/v2\/types\/page"}],"author":[{"embeddable":true,"href":"https:\/\/atg-dev.168-63-79-147.plesk.page\/index.php?rest_route=\/wp\/v2\/users\/1"}],"replies":[{"embeddable":true,"href":"https:\/\/atg-dev.168-63-79-147.plesk.page\/index.php?rest_route=%2Fwp%2Fv2%2Fcomments&post=15902"}],"version-history":[{"count":0,"href":"https:\/\/atg-dev.168-63-79-147.plesk.page\/index.php?rest_route=\/wp\/v2\/pages\/15902\/revisions"}],"wp:attachment":[{"href":"https:\/\/atg-dev.168-63-79-147.plesk.page\/index.php?rest_route=%2Fwp%2Fv2%2Fmedia&parent=15902"}],"curies":[{"name":"wp","href":"https:\/\/api.w.org\/{rel}","templated":true}]}}